{"id":148,"date":"2021-09-06T22:37:31","date_gmt":"2021-09-06T20:37:31","guid":{"rendered":"http:\/\/spc-fundamentalaikido.fr\/?page_id=148"},"modified":"2025-09-01T19:05:36","modified_gmt":"2025-09-01T17:05:36","slug":"mediatheque","status":"publish","type":"page","link":"https:\/\/spc-fundamentalaikido.fr\/?page_id=148","title":{"rendered":"M\u00e9diath\u00e8que"},"content":{"rendered":"\n<div class=\"wp-block-file\"><a href=\"http:\/\/spc-fundamentalaikido.fr\/wp-content\/uploads\/2024\/10\/SPC-Fundamental-Aikido-Re\u0301glement-inte\u0301rieur-2024-09-04.pdf\">R\u00e9glement int\u00e9rieur du club<\/a><a href=\"http:\/\/spc-fundamentalaikido.fr\/wp-content\/uploads\/2024\/10\/SPC-Fundamental-Aikido-Re\u0301glement-inte\u0301rieur-2024-09-04.pdf\" class=\"wp-block-file__button\" download=\"SPC-Fundamental-Aikido-Re\u0301glement-inte\u0301rieur-2024-09-04.pdf\">T\u00e9l\u00e9charger<\/a><\/div>\n\n\n\n<h2>Documents pour les inscriptions<\/h2>\n\n\n\n<h4><strong>Fiche Adh\u00e9sion SPC Fundamental A\u00efkido<\/strong><\/h4>\n\n\n\n<div class=\"wp-block-file\"><a href=\"http:\/\/spc-fundamentalaikido.fr\/wp-content\/uploads\/2021\/09\/Fiche-Adherent-.pdf\">Fiche d&rsquo;adh\u00e9sion vierge<\/a><a href=\"http:\/\/spc-fundamentalaikido.fr\/wp-content\/uploads\/2021\/09\/Fiche-Adherent-.pdf\" class=\"wp-block-file__button\" download>T\u00e9l\u00e9charger<\/a><\/div>\n\n\n\n<h4><strong>Questionnaire de sant\u00e9<\/strong><\/h4>\n\n\n\n<div class=\"wp-block-file\"><a href=\"https:\/\/spc-fundamentalaikido.fr\/wp-content\/uploads\/2025\/09\/25-26-Questionnaire_de_sante_mineur.pdf\">Questionnaire de sant\u00e9 Mineur\u00b7e<\/a><a href=\"https:\/\/spc-fundamentalaikido.fr\/wp-content\/uploads\/2025\/09\/25-26-Questionnaire_de_sante_mineur.pdf\" class=\"wp-block-file__button\" download=\"25-26-Questionnaire_de_sante_mineur.pdf\">T\u00e9l\u00e9charger<\/a><\/div>\n\n\n\n<div class=\"wp-block-file\"><a href=\"https:\/\/spc-fundamentalaikido.fr\/wp-content\/uploads\/2025\/09\/25-26-Questionnaire_de_sante_Adulte.pdf\">Questionnaire de sant\u00e9 Adulte<\/a><a href=\"https:\/\/spc-fundamentalaikido.fr\/wp-content\/uploads\/2025\/09\/25-26-Questionnaire_de_sante_Adulte.pdf\" class=\"wp-block-file__button\" download=\"25-26-Questionnaire_de_sante_Adulte.pdf\">T\u00e9l\u00e9charger<\/a><\/div>\n\n\n\n<h4><strong>Formulaire inscription \u00e0 la f\u00e9d\u00e9ration UFOLEP<\/strong><\/h4>\n\n\n\n<div class=\"wp-block-file\"><a href=\"https:\/\/spc-fundamentalaikido.fr\/wp-content\/uploads\/2025\/09\/25-26-Demande_Licence_Ufolep_web.pdf\" target=\"_blank\" rel=\"noreferrer noopener\">Demande_licence_Ufolep_2024-2025<\/a><a href=\"https:\/\/spc-fundamentalaikido.fr\/wp-content\/uploads\/2025\/09\/25-26-Demande_Licence_Ufolep_web.pdf\" class=\"wp-block-file__button\" download=\"25-26-Demande_Licence_Ufolep_web.pdf\">T\u00e9l\u00e9charger<\/a><\/div>\n\n\n\n<h4>Paiement en ligne<\/h4>\n\n\n\n<p><a href=\"https:\/\/www.helloasso.com\/associations\/spc-fundamental-aikido\" target=\"_blank\" rel=\"noreferrer noopener\">HelloAsso.com<\/a><\/p>\n\n\n\n<h2>Programmes des passages de grade<\/h2>\n\n\n\n<div class=\"wp-block-file\"><a href=\"http:\/\/spc-fundamentalaikido.fr\/wp-content\/uploads\/2022\/09\/SPC-Grades-Kyu.pdf\" target=\"_blank\" rel=\"noreferrer noopener\">Programmes des grades Ky\u016b (ceinture blanche)<\/a><a href=\"http:\/\/spc-fundamentalaikido.fr\/wp-content\/uploads\/2022\/09\/SPC-Grades-Kyu.pdf\" class=\"wp-block-file__button\" download>T\u00e9l\u00e9charger<\/a><\/div>\n\n\n\n<p><a href=\"https:\/\/aikidojo.fr\/ajaccio\/grades-iwama-takemusu-aikido\">Programmes des grades Dan (ceinture noire) sur le site du dojo d\u2019Ajaccio<\/a><\/p>\n","protected":false},"excerpt":{"rendered":"<p>R\u00e9glement int\u00e9rieur du clubT\u00e9l\u00e9charger Documents pour les inscriptions Fiche Adh\u00e9sion SPC Fundamental A\u00efkido Questionnaire de sant\u00e9 Questionnaire de sant\u00e9 Mineur\u00b7eT\u00e9l\u00e9charger Questionnaire de sant\u00e9 AdulteT\u00e9l\u00e9charger Formulaire inscription \u00e0 la f\u00e9d\u00e9ration UFOLEP&hellip;<\/p>\n","protected":false},"author":2,"featured_media":0,"parent":0,"menu_order":0,"comment_status":"closed","ping_status":"closed","template":"","meta":{"_EventAllDay":false,"_EventTimezone":"","_EventStartDate":"","_EventEndDate":"","_EventStartDateUTC":"","_EventEndDateUTC":"","_EventShowMap":false,"_EventShowMapLink":false,"_EventURL":"","_EventCost":"","_EventCostDescription":"","_EventCurrencySymbol":"","_EventCurrencyPosition":"","_EventDateTimeSeparator":"","_EventTimeRangeSeparator":"","_EventOrganizerID":[],"_EventVenueID":0,"_OrganizerEmail":"","_OrganizerPhone":"","_OrganizerWebsite":"","_VenueAddress":"","_VenueCity":"","_VenueCountry":"","_VenueProvince":"","_VenueZip":"","_VenuePhone":"","_VenueURL":"","_VenueStateProvince":"","_VenueLat":"","_VenueLng":""},"_links":{"self":[{"href":"https:\/\/spc-fundamentalaikido.fr\/index.php?rest_route=\/wp\/v2\/pages\/148"}],"collection":[{"href":"https:\/\/spc-fundamentalaikido.fr\/index.php?rest_route=\/wp\/v2\/pages"}],"about":[{"href":"https:\/\/spc-fundamentalaikido.fr\/index.php?rest_route=\/wp\/v2\/types\/page"}],"author":[{"embeddable":true,"href":"https:\/\/spc-fundamentalaikido.fr\/index.php?rest_route=\/wp\/v2\/users\/2"}],"replies":[{"embeddable":true,"href":"https:\/\/spc-fundamentalaikido.fr\/index.php?rest_route=%2Fwp%2Fv2%2Fcomments&post=148"}],"version-history":[{"count":17,"href":"https:\/\/spc-fundamentalaikido.fr\/index.php?rest_route=\/wp\/v2\/pages\/148\/revisions"}],"predecessor-version":[{"id":1176,"href":"https:\/\/spc-fundamentalaikido.fr\/index.php?rest_route=\/wp\/v2\/pages\/148\/revisions\/1176"}],"wp:attachment":[{"href":"https:\/\/spc-fundamentalaikido.fr\/index.php?rest_route=%2Fwp%2Fv2%2Fmedia&parent=148"}],"curies":[{"name":"wp","href":"https:\/\/api.w.org\/{rel}","templated":true}]}}