{"id":165,"date":"2021-09-08T16:59:16","date_gmt":"2021-09-08T14:59:16","guid":{"rendered":"http:\/\/spc-fundamentalaikido.fr\/?page_id=165"},"modified":"2025-07-04T08:35:29","modified_gmt":"2025-07-04T06:35:29","slug":"inscriptions","status":"publish","type":"page","link":"https:\/\/spc-fundamentalaikido.fr\/?page_id=165","title":{"rendered":"Inscriptions"},"content":{"rendered":"\n<h2>Quoi?<\/h2>\n\n\n\n<p>L\u2019adh\u00e9sion comporte une assurance et donne libre acc\u00e8s aux cours de St Pierre et Combourg. Le club peut \u00e9galement participer \u00e0 des frais de stages ou aux frais de d\u00e9placement pour les stages (comme les nombreux stage interdojos gratuits de la r\u00e9gion).<\/p>\n\n\n\n<p>Les adh\u00e9rents qui participent au cours adultes b\u00e9n\u00e9ficie \u00e9galement d\u2019une licence aupr\u00e8s de la f\u00e9d\u00e9ration multi-sports <a rel=\"noreferrer noopener\" href=\"https:\/\/www.ufolep.org\/\" target=\"_blank\">UFOLEP<\/a>.<\/p>\n\n\n\n<h2>Quand\u202f?<\/h2>\n\n\n\n<p>Les inscriptions se font principalement en d\u00e9but de saison apr\u00e8s <strong>2 cours d\u2019essais<\/strong> \u00e9ventuels. Cependant, les inscriptions restent possibles <strong>tout au long de l&rsquo;ann\u00e9e<\/strong>. <\/p>\n\n\n\n<h2>Combien\u202f?<\/h2>\n\n\n\n<p>\u00c0 la rentr\u00e9e 2025, <strong>nous baissons nos tarifs<\/strong>:<\/p>\n\n\n\n<ul><li><strong>Adh\u00e9sion adulte<\/strong>\u202f:\u202f110\u20ac<ul><li><strong>Tarif r\u00e9duit<\/strong> (moins de 18 ans, \u00e9tudiants, demandeurs d\u2019emploi)\u202f: 80\u20ac<\/li><\/ul><\/li><li><strong>Adh\u00e9sion enfant<\/strong> (de 8 \u00e0 13 ans)\u202f: 60\u20ac<\/li><li>Remise sur le montant total pour les <strong>adh\u00e9sions multiples<\/strong> dans la m\u00eame famille:<ul><li>\u2212 10% pour 2 adh\u00e9sions<\/li><li>\u2212 15% pour 3 adh\u00e9sions<\/li><li>\u2212 20% pour 4 adh\u00e9sions<\/li><li>\u2026<\/li><\/ul><\/li><li><strong>Parrainages<\/strong>: Remise de 10% sur l\u2019adh\u00e9sion du parrain et du parrain\u00e9.<\/li><\/ul>\n\n\n\n<h2>Comment\u202f?<\/h2>\n\n\n\n<p>Utilisez le questionnaire m\u00e9dical pour v\u00e9rifier si un certificat m\u00e9dical est n\u00e9cessaire ou non (voir explications ci-dessous). Le questionnaire est \u00e0 conserver par l\u2019adh\u00e9rent.<\/p>\n\n\n\n<p>Pour les adh\u00e9rents du cours enfants, il faut imprimer et compl\u00e9ter la fiche d\u2019inscription au club (disponibles dans notre <a href=\"https:\/\/spc-fundamentalaikido.fr\/?page_id=148\">M\u00e9diath\u00e8que<\/a>) ou la remplir en ligne dans notre outil <a href=\"https:\/\/adherents.spc-fundamentalaikido.fr\/galette\/webroot\/subscribe\">\u00ab\u00a0Galette\u00a0\u00bb<\/a>.<\/p>\n\n\n\n<p>Pour les adh\u00e9rents du cours adultes, il faut imprimer et compl\u00e9ter la fiche d\u2019inscription au club (ou la remplir en ligne dans notre outil <a href=\"https:\/\/adherents.spc-fundamentalaikido.fr\/galette\/webroot\/subscribe\">\u00ab\u00a0Galette\u00a0\u00bb<\/a>) ainsi que la fiche d\u2019inscription \u00e0 la f\u00e9d\u00e9ration UFOLEP (documents disponibles dans notre <a href=\"https:\/\/spc-fundamentalaikido.fr\/?page_id=148\">M\u00e9diath\u00e8que<\/a>).<\/p>\n\n\n\n<p>Le paiement peut se faire de plusieurs fa\u00e7ons: <\/p>\n\n\n\n<ul><li>Par ch\u00e8que, <\/li><li>En esp\u00e8ce, <\/li><li>Avec le <a rel=\"noreferrer noopener\" href=\"https:\/\/pass.sports.gouv.fr\/\" target=\"_blank\">Pass\u2019Sport<\/a>,<\/li><li>Ou en ligne sur le site <a rel=\"noreferrer noopener\" href=\"https:\/\/www.helloasso.com\/associations\/spc-fundamental-aikido\/\" target=\"_blank\">HelloAsso<\/a>. <ul><li>La r\u00e9duction pour les adh\u00e9sions multiples n\u2019est pas simple \u00e0 utiliser dans HelloAsso, n\u2019h\u00e9sitez pas \u00e0 nous contacter avant de payer.<\/li><li>Notez que le service HelloAsso est gratuit et qu\u2019il propose par d\u00e9faut une participation <strong>non-obligatoire<\/strong>. Nous invitons nos adh\u00e9rents \u00e0 au moins couvrir les frais de transaction bancaire. <\/li><\/ul><\/li><\/ul>\n\n\n\n<h2>Faut-il un certificat m\u00e9dical\u202f?<\/h2>\n\n\n\n<p><strong>Par d\u00e9faut, un certificat m\u00e9dical n\u2019est pas n\u00e9cessaire<\/strong>\u202f; il faut n\u00e9anmoins remplir un questionnaire m\u00e9dical, disponible dans notre <a href=\"https:\/\/spc-fundamentalaikido.fr\/?page_id=148\">M\u00e9diath\u00e8que<\/a>. Les r\u00e9sultats du questionnaire sont personnels et ne doivent pas \u00eatre transmis au club ou \u00e0 la f\u00e9d\u00e9ration.<\/p>\n\n\n\n<p>Pour les adultes, <strong>les r\u00e9sultats du questionnaire peuvent exiger un certificat m\u00e9dical<\/strong> de non contre-indication \u00e0 la pratique de l&rsquo;A\u00efkido. Le cas \u00e9ch\u00e9ant, ces certificats sont valables 3 ans (2 renouvellements).<\/p>\n","protected":false},"excerpt":{"rendered":"<p>Quoi? L\u2019adh\u00e9sion comporte une assurance et donne libre acc\u00e8s aux cours de St Pierre et Combourg. Le club peut \u00e9galement participer \u00e0 des frais de stages ou aux frais de&hellip;<\/p>\n","protected":false},"author":2,"featured_media":0,"parent":0,"menu_order":0,"comment_status":"closed","ping_status":"closed","template":"","meta":{"_EventAllDay":false,"_EventTimezone":"","_EventStartDate":"","_EventEndDate":"","_EventStartDateUTC":"","_EventEndDateUTC":"","_EventShowMap":false,"_EventShowMapLink":false,"_EventURL":"","_EventCost":"","_EventCostDescription":"","_EventCurrencySymbol":"","_EventCurrencyPosition":"","_EventDateTimeSeparator":"","_EventTimeRangeSeparator":"","_EventOrganizerID":[],"_EventVenueID":0,"_OrganizerEmail":"","_OrganizerPhone":"","_OrganizerWebsite":"","_VenueAddress":"","_VenueCity":"","_VenueCountry":"","_VenueProvince":"","_VenueZip":"","_VenuePhone":"","_VenueURL":"","_VenueStateProvince":"","_VenueLat":"","_VenueLng":""},"_links":{"self":[{"href":"https:\/\/spc-fundamentalaikido.fr\/index.php?rest_route=\/wp\/v2\/pages\/165"}],"collection":[{"href":"https:\/\/spc-fundamentalaikido.fr\/index.php?rest_route=\/wp\/v2\/pages"}],"about":[{"href":"https:\/\/spc-fundamentalaikido.fr\/index.php?rest_route=\/wp\/v2\/types\/page"}],"author":[{"embeddable":true,"href":"https:\/\/spc-fundamentalaikido.fr\/index.php?rest_route=\/wp\/v2\/users\/2"}],"replies":[{"embeddable":true,"href":"https:\/\/spc-fundamentalaikido.fr\/index.php?rest_route=%2Fwp%2Fv2%2Fcomments&post=165"}],"version-history":[{"count":11,"href":"https:\/\/spc-fundamentalaikido.fr\/index.php?rest_route=\/wp\/v2\/pages\/165\/revisions"}],"predecessor-version":[{"id":961,"href":"https:\/\/spc-fundamentalaikido.fr\/index.php?rest_route=\/wp\/v2\/pages\/165\/revisions\/961"}],"wp:attachment":[{"href":"https:\/\/spc-fundamentalaikido.fr\/index.php?rest_route=%2Fwp%2Fv2%2Fmedia&parent=165"}],"curies":[{"name":"wp","href":"https:\/\/api.w.org\/{rel}","templated":true}]}}